{"id":129,"date":"2024-04-03T10:45:25","date_gmt":"2024-04-03T10:45:25","guid":{"rendered":"http:\/\/xn--prda-6qa.com\/?page_id=129"},"modified":"2025-02-04T07:15:55","modified_gmt":"2025-02-04T07:15:55","slug":"impressum","status":"publish","type":"page","link":"http:\/\/xn--prda-6qa.com\/index.php\/impressum\/","title":{"rendered":"Impressum"},"content":{"rendered":"\n<p class=\"has-heading-font-family\" style=\"margin-top:var(--wp--preset--spacing--40)\">Pflichtangaben nach dem Telemediengesetz (TMG)<\/p>\n\n\n\n<p class=\"has-heading-font-family\">Dr. med. Martin Fuhrmann<br>Facharzt f\u00fcr Neurologie<br>Facharzt f\u00fcr Psychiatrie und Psychotherapie<br>Vorbr\u00fccker Stra\u00dfe 31<br>01662 Mei\u00dfen<\/p>\n\n\n\n<p class=\"has-heading-font-family\"><font _mstmutation=\"1\" _msttexthash=\"100074\" _msthash=\"1952\">Telefon: 03521 483 31 17<\/font><br><font _mstmutation=\"1\" _msttexthash=\"268736\" _msthash=\"1954\">Telefax: 03521 483 31 18<\/font><\/p>\n\n\n\n<p class=\"has-heading-font-family\">E-Mail-Adresse: <\/p>\n\n\n\n<figure class=\"wp-block-image size-full\"><img loading=\"lazy\" decoding=\"async\" width=\"334\" height=\"38\" src=\"http:\/\/xn--prda-6qa.com\/wp-content\/uploads\/2024\/06\/E-mail.png\" alt=\"\" class=\"wp-image-909\" srcset=\"http:\/\/xn--prda-6qa.com\/wp-content\/uploads\/2024\/06\/E-mail.png 334w, http:\/\/xn--prda-6qa.com\/wp-content\/uploads\/2024\/06\/E-mail-300x34.png 300w\" sizes=\"auto, (max-width: 334px) 100vw, 334px\" \/><\/figure>\n\n\n\n<p class=\"has-heading-font-family\">\u00dcber die im Impressum genannte E-Mail-Adresse erfolgt<br>keine Beratung zu medizinischen Behandlungen. F\u00fcr allgemeine Anfragen und Terminanfragen nutzen Sie bitte unser\u00a0<a href=\"http:\/\/xn--prda-6qa.com\/index.php\/kontaktformular-praxis\/\">Kontaktformular<\/a>. Wir nehmen den Schutz Ihrer personenbezogenen Daten sehr ernst und halten uns an die geltenden Datenschutzbestimmungen. Dennoch k\u00f6nnen wir keine Haftung f\u00fcr die Sicherheit der \u00fcbermittelten Daten bei der Kommunikation via E-Mail oder anderen unsicheren Kan\u00e4len \u00fcbernehmen. Es obliegt dem Nutzer, die Sicherheit seiner eigenen Daten sicherzustellen, insbesondere bei der \u00dcbertragung von sensiblen Gesundheitsdaten. Wir weisen darauf hin, dass eine hundertprozentige Sicherheit bei der \u00dcbertragung von Daten \u00fcber das Internet nicht gew\u00e4hrleistet werden kann. Wenn Sie dennoch in Erw\u00e4gung ziehen, uns solche Daten per E-Mail zu \u00fcbermitteln, m\u00f6chten wir Sie darauf hinweisen, dass dies auf Ihr eigenes Risiko erfolgt. Wir empfehlen hierf\u00fcr verschl\u00fcsselte E-Mail-Kommunikation\u00a0(PGP\/S\/MIME), um Ihre Daten zu sch\u00fctzen. Informationen zur Erhebung, Verarbeitung und Nutzung personenbezogener Daten finden Sie in unserer\u00a0<a href=\"http:\/\/xn--prda-6qa.com\/index.php\/datenschutz\/\">Datenschutzerkl\u00e4rung<\/a>.<\/p>\n\n\n\n<p class=\"has-heading-font-family\">Approbation als Arzt, Doktortitel und gesetzliche<br>Facharztbezeichnung wurden Dr. med. Martin Fuhrmann<br>in der Bundesrepublik Deutschland verliehen.<\/p>\n\n\n\n<p class=\"has-accent-5-color has-text-color has-link-color has-heading-font-family wp-elements-c915a95155c32e1fd01aba6253e95ea9\" style=\"margin-top:var(--wp--preset--spacing--10);margin-bottom:var(--wp--preset--spacing--10);font-size:clamp(0.984rem, 0.984rem + ((1vw - 0.2rem) * 0.86), 1.5rem);\"><strong>Zust\u00e4ndige Berufsrechtliche Zulassungs-&nbsp;und Aufsichtsbeh\u00f6rde:<\/strong><\/p>\n\n\n\n<p class=\"has-heading-font-family\"><font _mstmutation=\"1\" _msttexthash=\"791986\" _msthash=\"4041\">S\u00e4chsische Landes\u00e4rztekammer<\/font><br><font _mstmutation=\"1\" _msttexthash=\"1088672\" _msthash=\"4042\">K\u00f6rperschaft des \u00f6ffentlichen Rechts<\/font><br><font _mstmutation=\"1\" _msttexthash=\"279695\" _msthash=\"4043\">Sch\u00fctzenh\u00f6he 16<\/font><br><font _mstmutation=\"1\" _msttexthash=\"170183\" _msthash=\"4044\">01099 Dresden<\/font><br><font _mstmutation=\"1\" _msttexthash=\"219765\" _msthash=\"519\">Telefon: 0351 8267 0<\/font><br><font _mstmutation=\"1\" _msttexthash=\"252005\" _msthash=\"1838\">Telefax: 0351 8267 41 2<\/font><br><a href=\"https:\/\/www.slaek.de\/\" target=\"_blank\" rel=\"noreferrer noopener\">https:\/\/www.slaek.de\/<\/a><\/p>\n\n\n\n<p class=\"has-heading-font-family\">Unter diesem Link finden Sie auch die einschl\u00e4gigen berufsrechtlichen Regelungen (Berufsordnung f\u00fcr \u00c4rzte, Weiterbildungsordnung, S\u00e4chsisches Heilberufekammergesetz) in ihrer jeweils g\u00fcltigen Fassung.<\/p>\n\n\n\n<p class=\"has-accent-5-color has-text-color has-link-color has-heading-font-family wp-elements-bb811fa898895544e8e3f907f8b6a5ff\" style=\"margin-top:var(--wp--preset--spacing--10);margin-bottom:var(--wp--preset--spacing--10);font-size:clamp(0.984rem, 0.984rem + ((1vw - 0.2rem) * 0.86), 1.5rem);\"><strong>Zust\u00e4ndige \u00c4rztekammer:<\/strong><\/p>\n\n\n\n<p class=\"has-heading-font-family\"><font _mstmutation=\"1\" _msttexthash=\"20282158\" _msthash=\"175\"><font _mstmutation=\"1\" _msttexthash=\"1051947\" _msthash=\"372\" _istranslated=\"1\">Kassen\u00e4rztliche Vereinigung Sachsen<\/font><br><font _mstmutation=\"1\" _msttexthash=\"278655\" _msthash=\"373\" _istranslated=\"1\">Sch\u00fctzenh\u00f6he 12<\/font><br><font _mstmutation=\"1\" _msttexthash=\"170183\" _msthash=\"374\" _istranslated=\"1\">01099 Dresden<\/font><br><font _mstmutation=\"1\" _msttexthash=\"235053\" _msthash=\"375\" _istranslated=\"1\">Telefon: 0351 8290 50<\/font><br><font _mstmutation=\"1\" _msttexthash=\"253006\" _msthash=\"376\" _istranslated=\"1\">Telefax: 0351 8290 56 3<\/font><br><\/font><a href=\"http:\/\/www.kvs-sachsen.de\/\" target=\"_blank\" rel=\"noreferrer noopener\">http:\/\/www.kvs-sachsen.de\/<\/a><font _mstmutation=\"1\" _msttexthash=\"20282158\" _msthash=\"175\"><br><font _mstmutation=\"1\" _msttexthash=\"665236\" _msthash=\"377\" _istranslated=\"1\">KV-Abrechnungsnummer: 953876500<\/font><\/font><\/p>\n\n\n\n<p class=\"has-heading-font-family\">Webdesign &amp; Programmierung:<br>ge\u00dfner IT-systems<\/p>\n\n\n\n<p><font _mstmutation=\"1\"><\/font><\/p>\n\n\n\n<p class=\"has-accent-5-color has-text-color has-link-color has-heading-font-family wp-elements-17bd170b9372792180a7c8270d1fd44b\" style=\"margin-top:var(--wp--preset--spacing--40);font-size:clamp(0.984rem, 0.984rem + ((1vw - 0.2rem) * 0.86), 1.5rem);\"><strong>Haftungsausschluss<\/strong><\/p>\n\n\n\n<p class=\"has-heading-font-family\">Trotz sorgf\u00e4ltiger Pr\u00fcfung und Aktualisierung der Inhalte auf dieser Website \u00fcbernehmen wir keine Haftung f\u00fcr die Richtigkeit, Vollst\u00e4ndigkeit und Aktualit\u00e4t der bereitgestellten Informationen. Dies gilt insbesondere f\u00fcr die Angaben im Impressum. Alle Informationen k\u00f6nnen ohne Vorank\u00fcndigung ge\u00e4ndert, entfernt oder erg\u00e4nzt werden. Eine Haftung f\u00fcr Sch\u00e4den, die direkt oder indirekt durch die Nutzung dieser Website entstehen, ist ausgeschlossen, sofern diese nicht auf Vorsatz oder grober Fahrl\u00e4ssigkeit beruhen. Der Betreiber der Website ist verpflichtet, die Inhalte regelm\u00e4\u00dfig auf ihre\u00a0rechtliche Konformit\u00e4t\u00a0zu \u00fcberpr\u00fcfen und gegebenenfalls\u00a0rechtliche Beratung\u00a0in Anspruch zu nehmen. Die Webdesignerin \u00fcbernimmt keine Haftung f\u00fcr eventuelle rechtliche Verst\u00f6\u00dfe oder daraus resultierende\u00a0Abmahnungen, die sich aus der Nutzung dieser Website ergeben.<\/p>\n\n\n\n<p class=\"has-heading-font-family\">Die auf unserer Internetseite gelegten Links haben wir sorgf\u00e4ltig gepr\u00fcft. Da wir auf Inhalt und Gestaltung verlinkter Seiten, aber keinen Einfluss haben, k\u00f6nnen wir f\u00fcr diese fremden Inhalte keine Haftung \u00fcbernehmen. Im Hinblick auf gesetzliche Urteile erkl\u00e4ren wir: Wir distanzieren uns ausdr\u00fccklich von allen Inhalten aller verlinkten Seiten. F\u00fcr die Inhalte der verlinkten Seiten ist stets der jeweilige Anbieter oder Betreiber der Seiten verantwortlich. Die verlinkten Seiten wurden zum Zeitpunkt der Verlinkung auf m\u00f6gliche Rechtsverst\u00f6\u00dfe \u00fcberpr\u00fcft. Rechtswidrige Inhalte waren zum Zeitpunkt der Verlinkung nicht erkennbar. Eine permanente inhaltliche Kontrolle der verlinkten Seiten ist jedoch ohne konkrete Anhaltspunkte einer Rechtsverletzung nicht zumutbar. Bei Bekanntwerden von Rechtsverletzungen werden wir derartige Links umgehend entfernen.<\/p>\n\n\n\n<p class=\"has-heading-font-family\">Etwaige Haftungsanspr\u00fcche im Zusammenhang mit der Nutzung oder Nichtnutzung von Informationen oder Funktionen dieser Internetseite sind grunds\u00e4tzlich ausgeschlossen. Wir \u00fcbernehmen keine Haftung f\u00fcr die ununterbrochene Verf\u00fcgbarkeit der Website oder f\u00fcr technische Fehler. Es k\u00f6nnen keine Garantien hinsichtlich der Fehlerfreiheit oder der Funktionsf\u00e4higkeit der Website \u00fcbernommen werden. Soweit nicht anders gekennzeichnet, unterliegen die durch den Seitenbetreiber erstellten Inhalte und Werke auf dieser Website dem deutschen Urheberrecht. Die Vervielf\u00e4ltigung, Bearbeitung, Verbreitung und jede Art der Verwertung au\u00dferhalb der Grenzen des Urheberrechtes bed\u00fcrfen der schriftlichen Zustimmung des jeweiligen Autors bzw. Erstellers. Downloads und Kopien dieser Seite sind nur f\u00fcr den privaten, nicht kommerziellen Gebrauch gestattet. Soweit die Inhalte auf dieser Seite nicht vom Betreiber erstellt wurden, werden die Urheberrechte Dritter beachtet. Insbesondere werden Inhalte Dritter als solche gekennzeichnet. Sollten Sie trotzdem auf eine Urheberrechtsverletzung aufmerksam werden, bitten wir um einen entsprechenden Hinweis. Bei Bekanntwerden von Rechtsverletzungen werden wir derartige Inhalte umgehend entfernen.<\/p>\n\n\n\n<p class=\"has-heading-font-family has-medium-font-size\">Diese Website verwendet Kartenmaterial von <a href=\"https:\/\/www.openstreetmap.org\/\">OpenStreetMap<\/a>. \u00a9 OpenStreetMap-Mitwirkende, lizenziert unter der <a href=\"https:\/\/opendatacommons.org\/licenses\/odbl\/\">Open Database License (ODbL)<\/a>. <\/p>\n\n\n\n<hr class=\"wp-block-separator alignfull has-alpha-channel-opacity is-style-wide\" style=\"margin-top:var(--wp--preset--spacing--50);margin-bottom:0\"\/>\n\n\n\n<div class=\"wp-block-group alignwide has-global-padding is-layout-constrained wp-block-group-is-layout-constrained\" style=\"padding-top:var(--wp--preset--spacing--50);padding-bottom:var(--wp--preset--spacing--50)\">\n<div class=\"wp-block-columns alignwide is-layout-flex wp-container-core-columns-is-layout-28f84493 wp-block-columns-is-layout-flex\">\n<div class=\"wp-block-column is-layout-flow wp-block-column-is-layout-flow\" style=\"flex-basis:30%\">\n<div class=\"wp-block-group is-vertical is-layout-flex wp-container-core-group-is-layout-fe9cc265 wp-block-group-is-layout-flex\"><h1 class=\"has-link-color wp-elements-bd63b549916f9c78a0ef88cd949ae06d wp-block-site-title has-text-color has-contrast-color has-heading-font-family\"><a href=\"http:\/\/xn--prda-6qa.com\" target=\"_self\" rel=\"home\">Dr. med. Martin Fuhrmann<\/a><\/h1>\n\n\n<p class=\"has-heading-font-family\" style=\"font-size:0.8rem\"><strong>Facharzt f\u00fcr&nbsp;Neurologie<br>Facharzt f\u00fcr Psychiatrie und Psychotherapie<\/strong><br>Telefon: 0 35 21 483 31 17<br>Telefax: 0 35 21 483 31 18<br>Alle Kassen und Privat<br>Vorbr\u00fccker Stra\u00dfe 31<br>01662 Mei\u00dfen<\/p>\n<\/div>\n<\/div>\n\n\n\n<div class=\"wp-block-column is-layout-flow wp-block-column-is-layout-flow\" style=\"flex-basis:20%\"><\/div>\n\n\n\n<div class=\"wp-block-column is-layout-flow wp-block-column-is-layout-flow\" style=\"flex-basis:50%\">\n<div class=\"wp-block-group is-content-justification-space-between is-layout-flex wp-container-core-group-is-layout-e5edad21 wp-block-group-is-layout-flex\">\n<div class=\"wp-block-group is-vertical is-content-justification-stretch is-layout-flex wp-container-core-group-is-layout-353c4f5a wp-block-group-is-layout-flex\">\n<div class=\"wp-block-group is-vertical is-layout-flex wp-container-core-group-is-layout-ea0cb840 wp-block-group-is-layout-flex\"><nav style=\"font-style:normal;font-weight:400;\" class=\"has-small-font-size  is-vertical wp-block-navigation is-layout-flex wp-container-core-navigation-is-layout-ea0cb840 wp-block-navigation-is-layout-flex\" aria-label=\"Navigation 20\"><\/nav><\/div>\n<\/div>\n\n\n\n<div class=\"wp-block-group is-vertical is-content-justification-stretch is-layout-flex wp-container-core-group-is-layout-353c4f5a wp-block-group-is-layout-flex\">\n<h2 class=\"wp-block-heading has-medium-font-size has-heading-font-family\" style=\"font-size:clamp(0.984rem, 0.984rem + ((1vw - 0.2rem) * 0.86), 1.5rem);font-style:normal;font-weight:600\">Rechtliches:<\/h2>\n\n\n\n<div class=\"wp-block-group is-vertical is-layout-flex wp-container-core-group-is-layout-ea0cb840 wp-block-group-is-layout-flex\"><nav style=\"font-style:normal;font-weight:400;\" class=\"has-small-font-size  is-vertical wp-block-navigation has-heading-font-family is-layout-flex wp-container-core-navigation-is-layout-ea0cb840 wp-block-navigation-is-layout-flex\" aria-label=\"Navigation 19\"><ul style=\"font-style:normal;font-weight:400;\" class=\"wp-block-navigation__container has-small-font-size  is-vertical wp-block-navigation has-small-font-size has-heading-font-family\"><li class=\"has-small-font-size wp-block-navigation-item wp-block-navigation-link\"><a class=\"wp-block-navigation-item__content\"  href=\"http:\/\/xn--prda-6qa.com\/index.php\/impressum\/\"><span class=\"wp-block-navigation-item__label\">Impressum<\/span><\/a><\/li><li class=\"has-small-font-size wp-block-navigation-item wp-block-navigation-link\"><a class=\"wp-block-navigation-item__content\"  href=\"http:\/\/xn--prda-6qa.com\/index.php\/datenschutz\/\"><span class=\"wp-block-navigation-item__label\">Datenschutzerkl\u00e4rung<\/span><\/a><\/li><\/ul><\/nav><\/div>\n<\/div>\n\n\n\n<div class=\"wp-block-group is-vertical is-content-justification-stretch is-layout-flex wp-container-core-group-is-layout-353c4f5a wp-block-group-is-layout-flex\">\n<div class=\"wp-block-group is-vertical is-layout-flex wp-container-core-group-is-layout-ea0cb840 wp-block-group-is-layout-flex\"><nav style=\"font-style:normal;font-weight:400;\" class=\"has-small-font-size  is-vertical wp-block-navigation is-layout-flex wp-container-core-navigation-is-layout-ea0cb840 wp-block-navigation-is-layout-flex\" aria-label=\"Navigation 21\"><\/nav><\/div>\n<\/div>\n<\/div>\n<\/div>\n<\/div>\n<\/div>\n","protected":false},"excerpt":{"rendered":"<p>Pflichtangaben nach dem Telemediengesetz (TMG) Dr. med. Martin FuhrmannFacharzt f\u00fcr NeurologieFacharzt f\u00fcr Psychiatrie und PsychotherapieVorbr\u00fccker Stra\u00dfe 3101662 Mei\u00dfen Telefon: 03521 483 31 17Telefax: 03521 483 31 18 E-Mail-Adresse: \u00dcber die im Impressum genannte E-Mail-Adresse erfolgtkeine Beratung zu medizinischen Behandlungen. F\u00fcr allgemeine Anfragen und Terminanfragen nutzen Sie bitte unser\u00a0Kontaktformular. Wir nehmen den Schutz Ihrer personenbezogenen Daten [&hellip;]<\/p>\n","protected":false},"author":1,"featured_media":0,"parent":0,"menu_order":0,"comment_status":"closed","ping_status":"closed","template":"","meta":{"footnotes":""},"class_list":["post-129","page","type-page","status-publish","hentry"],"_links":{"self":[{"href":"http:\/\/xn--prda-6qa.com\/index.php\/wp-json\/wp\/v2\/pages\/129","targetHints":{"allow":["GET"]}}],"collection":[{"href":"http:\/\/xn--prda-6qa.com\/index.php\/wp-json\/wp\/v2\/pages"}],"about":[{"href":"http:\/\/xn--prda-6qa.com\/index.php\/wp-json\/wp\/v2\/types\/page"}],"author":[{"embeddable":true,"href":"http:\/\/xn--prda-6qa.com\/index.php\/wp-json\/wp\/v2\/users\/1"}],"replies":[{"embeddable":true,"href":"http:\/\/xn--prda-6qa.com\/index.php\/wp-json\/wp\/v2\/comments?post=129"}],"version-history":[{"count":39,"href":"http:\/\/xn--prda-6qa.com\/index.php\/wp-json\/wp\/v2\/pages\/129\/revisions"}],"predecessor-version":[{"id":1059,"href":"http:\/\/xn--prda-6qa.com\/index.php\/wp-json\/wp\/v2\/pages\/129\/revisions\/1059"}],"wp:attachment":[{"href":"http:\/\/xn--prda-6qa.com\/index.php\/wp-json\/wp\/v2\/media?parent=129"}],"curies":[{"name":"wp","href":"https:\/\/api.w.org\/{rel}","templated":true}]}}