{"id":392,"date":"2024-04-21T19:39:09","date_gmt":"2024-04-21T19:39:09","guid":{"rendered":"http:\/\/xn--prda-6qa.com\/?page_id=392"},"modified":"2025-02-03T21:15:00","modified_gmt":"2025-02-03T21:15:00","slug":"dr-med-martin-fuhrmann","status":"publish","type":"page","link":"http:\/\/xn--prda-6qa.com\/index.php\/dr-med-martin-fuhrmann\/","title":{"rendered":"Dr. med. Martin Fuhrmann"},"content":{"rendered":"\n<div class=\"wp-block-group alignfull has-accent-background-color has-background has-global-padding is-content-justification-right is-layout-constrained wp-container-core-group-is-layout-73713a2e wp-block-group-is-layout-constrained\" style=\"margin-top:0;margin-bottom:0;padding-top:var(--wp--preset--spacing--50);padding-right:var(--wp--preset--spacing--50);padding-bottom:var(--wp--preset--spacing--50);padding-left:var(--wp--preset--spacing--50)\">\n<figure class=\"wp-block-image alignleft size-large is-resized is-style-rounded is-style-rounded--1\"><img loading=\"lazy\" decoding=\"async\" width=\"768\" height=\"1024\" src=\"http:\/\/xn--prda-6qa.com\/wp-content\/uploads\/2024\/04\/2017-01-17-PHOTO-00000348-768x1024.jpg\" alt=\"\" class=\"wp-image-284\" style=\"width:403px;height:auto\" srcset=\"http:\/\/xn--prda-6qa.com\/wp-content\/uploads\/2024\/04\/2017-01-17-PHOTO-00000348-768x1024.jpg 768w, http:\/\/xn--prda-6qa.com\/wp-content\/uploads\/2024\/04\/2017-01-17-PHOTO-00000348-225x300.jpg 225w, http:\/\/xn--prda-6qa.com\/wp-content\/uploads\/2024\/04\/2017-01-17-PHOTO-00000348-1152x1536.jpg 1152w, http:\/\/xn--prda-6qa.com\/wp-content\/uploads\/2024\/04\/2017-01-17-PHOTO-00000348.jpg 1200w\" sizes=\"auto, (max-width: 768px) 100vw, 768px\" \/><\/figure>\n\n\n\n<div class=\"wp-block-group has-global-padding is-layout-constrained wp-container-core-group-is-layout-e555385e wp-block-group-is-layout-constrained\">\n<ul class=\"wp-block-list\">\n<li class=\"has-heading-font-family\">1972 geboren in Leisnig.<\/li>\n\n\n\n<li class=\"has-heading-font-family\">1990 Abitur in D\u00f6beln.<\/li>\n\n\n\n<li class=\"has-heading-font-family\">1991 bis 1993 Medizinstudium an der Humboldt-Universit\u00e4t zu Berlin und 1993 bis 1998 an der TU Dresden.<\/li>\n\n\n\n<li class=\"has-heading-font-family\">1998 bis 2001&nbsp;AIP&nbsp;und Assistenzarzt in der neurologischen Reha-Klinik&nbsp;Kreischa.<\/li>\n\n\n\n<li class=\"has-heading-font-family\">2001 Promotion.<\/li>\n\n\n\n<li class=\"has-heading-font-family\">2001 bis 2007 Assistenzarzt im SKH Arnsdorf.<\/li>\n\n\n\n<li class=\"has-heading-font-family\">1998 bis 2004 Facharztausbildung f\u00fcr Neurologie.<\/li>\n\n\n\n<li class=\"has-heading-font-family\">2004 bis 2006 Facharztausbildung f\u00fcr Psychiatrie und Psychotherapie, psychotherapeutische Schwerpunkte: Verhaltenstherapie und Hypnose.<\/li>\n\n\n\n<li class=\"has-heading-font-family\">2007 bis 2011 Oberarzt der&nbsp;Neurologischen&nbsp;Klinik G\u00f6rlitz, dort Aufbau und Leitung der elektrophysiologischen Abteilung.<\/li>\n\n\n\n<li class=\"has-heading-font-family\">Seit 2007 \u00e4rztlicher Leiter der&nbsp;ambuS&nbsp;GmbH Bautzen, welche die ambulante Suchtrehabilitation durchf\u00fchrt.<\/li>\n\n\n\n<li class=\"has-heading-font-family\">2008 Erwerb der Zusatzbezeichnung \u00a0&#8220;Suchtmedizinische\u00a0Grundversorgung&#8221;.<\/li>\n\n\n\n<li class=\"has-heading-font-family\">Seit 2011 Nervenarzt mit Niederlassung in Mei\u00dfen.<\/li>\n<\/ul>\n\n\n\n<p><\/p>\n\n\n\n<p class=\"has-accent-5-color has-text-color has-link-color has-heading-font-family wp-elements-b10f08ed50b2153d01b3dac38f3f5e33\" style=\"margin-top:var(--wp--preset--spacing--20);font-size:clamp(0.984rem, 0.984rem + ((1vw - 0.2rem) * 0.86), 1.5rem);\"><strong>Dr. Fuhrmann ist Mitglied bei:<\/strong><\/p>\n\n\n\n<ul class=\"wp-block-list\">\n<li class=\"has-heading-font-family\">Der Deutschen Gesellschaft f\u00fcr Neurologie<\/li>\n\n\n\n<li class=\"has-heading-font-family\">Der&nbsp;Deutschen Gesellschaft f\u00fcr&nbsp;Klinische&nbsp;Neurophysiologie<\/li>\n\n\n\n<li class=\"has-heading-font-family\">Der&nbsp;Deutschen Gesellschaft f\u00fcr Ultraschall in der Medizin und der Wernicke-Kleist-Leonhardt-Gesellschaft<\/li>\n<\/ul>\n<\/div>\n\n\n\n<p><font _mstmutation=\"1\"><\/font><\/p>\n\n\n\n<div class=\"wp-block-columns alignwide has-heading-font-family is-layout-flex wp-container-core-columns-is-layout-62bf5416 wp-block-columns-is-layout-flex\" style=\"padding-top:var(--wp--preset--spacing--40)\">\n<div class=\"wp-block-column has-heading-font-family is-layout-flow wp-container-core-column-is-layout-e3d1c41b wp-block-column-is-layout-flow\">\n<p class=\"has-accent-5-color has-text-color has-link-color has-heading-font-family wp-elements-526e1dcd11cbc4cf5982aedd8083a9bc\" style=\"font-size:clamp(0.984rem, 0.984rem + ((1vw - 0.2rem) * 0.86), 1.5rem);\"><strong>Diagnostische Schwerpunkte:<\/strong><\/p>\n\n\n\n<ul class=\"wp-block-list\">\n<li class=\"has-heading-font-family\">Elektrophysiologie<\/li>\n\n\n\n<li class=\"has-heading-font-family\">Demenz-&nbsp;und Suchtdiagnostik<font _mstmutation=\"1\"><\/font><font _mstmutation=\"1\"><\/font><font _mstmutation=\"1\"><\/font><font _mstmutation=\"1\"><\/font><\/li>\n<\/ul>\n<\/div>\n\n\n\n<div class=\"wp-block-column is-layout-flow wp-container-core-column-is-layout-e3d1c41b wp-block-column-is-layout-flow\">\n<p class=\"has-accent-5-color has-text-color has-link-color has-heading-font-family wp-elements-0b8a8348620061827bc2021305a0b094\" style=\"font-size:clamp(0.984rem, 0.984rem + ((1vw - 0.2rem) * 0.86), 1.5rem);\"><strong>Therapeutische Schwerpunkte:<\/strong><\/p>\n\n\n\n<ul class=\"is-style-default has-heading-font-family wp-block-list\">\n<li>Periphere Neurologie<\/li>\n\n\n\n<li>Demenz<\/li>\n\n\n\n<li>Parkinson-Syndrome<\/li>\n\n\n\n<li>Epilepsie<\/li>\n\n\n\n<li>Pers\u00f6nlichkeitsst\u00f6rungen<\/li>\n\n\n\n<li>Suchterkrankungen<\/li>\n<\/ul>\n<\/div>\n\n\n\n<div class=\"wp-block-column is-layout-flow wp-container-core-column-is-layout-e3d1c41b wp-block-column-is-layout-flow\">\n<p class=\"has-accent-5-color has-text-color has-link-color has-heading-font-family wp-elements-aa3ccc450a10ba1eb51cd1d3bb42e410\" style=\"font-size:clamp(0.984rem, 0.984rem + ((1vw - 0.2rem) * 0.86), 1.5rem);\"><strong>Gutachterliche T\u00e4tigkeit:<\/strong><\/p>\n\n\n\n<ul class=\"has-heading-font-family wp-block-list\">\n<li>Sozialgerichtsbarkeit<\/li>\n\n\n\n<li>Zivilrecht (Gesch\u00e4fts-&nbsp;und Testierf\u00e4higkeit)<\/li>\n\n\n\n<li>Strafrecht<\/li>\n\n\n\n<li>Rentenverfahren<\/li>\n\n\n\n<li>Betreuungsrecht<\/li>\n<\/ul>\n<\/div>\n<\/div>\n\n\n\n<p class=\"has-accent-5-color has-text-color has-link-color has-heading-font-family wp-elements-f63dc8c1a47e8e4ab85b56879e2ec5b3\" style=\"font-size:clamp(0.984rem, 0.984rem + ((1vw - 0.2rem) * 0.86), 1.5rem);\"><font _mstmutation=\"1\"><\/font><\/p>\n<\/div>\n\n\n\n<p><font _mstmutation=\"1\"><\/font><\/p>\n\n\n\n<div class=\"wp-block-group alignwide has-global-padding is-layout-constrained wp-block-group-is-layout-constrained\" style=\"padding-top:var(--wp--preset--spacing--50);padding-bottom:var(--wp--preset--spacing--50)\">\n<div class=\"wp-block-columns alignwide is-layout-flex wp-container-core-columns-is-layout-28f84493 wp-block-columns-is-layout-flex\">\n<div class=\"wp-block-column is-layout-flow wp-block-column-is-layout-flow\" style=\"flex-basis:30%\">\n<div class=\"wp-block-group is-vertical is-layout-flex wp-container-core-group-is-layout-fe9cc265 wp-block-group-is-layout-flex\"><h1 class=\"has-link-color wp-elements-bd63b549916f9c78a0ef88cd949ae06d wp-block-site-title has-text-color has-contrast-color has-heading-font-family\"><a href=\"http:\/\/xn--prda-6qa.com\" target=\"_self\" rel=\"home\">Dr. med. Martin Fuhrmann<\/a><\/h1>\n\n\n<p class=\"has-heading-font-family\" style=\"font-size:0.8rem\"><strong>Facharzt f\u00fcr&nbsp;Neurologie<br>Facharzt f\u00fcr Psychiatrie und Psychotherapie<\/strong><br>Telefon: 0 35 21 483 31 17<br>Telefax: 0 35 21 483 31 18<br>Alle Kassen und Privat<br>Vorbr\u00fccker Stra\u00dfe 31<br>01662 Mei\u00dfen<\/p>\n<\/div>\n<\/div>\n\n\n\n<div class=\"wp-block-column is-layout-flow wp-block-column-is-layout-flow\" style=\"flex-basis:20%\"><\/div>\n\n\n\n<div class=\"wp-block-column is-layout-flow wp-block-column-is-layout-flow\" style=\"flex-basis:50%\">\n<div class=\"wp-block-group is-content-justification-space-between is-layout-flex wp-container-core-group-is-layout-e5edad21 wp-block-group-is-layout-flex\">\n<div class=\"wp-block-group is-vertical is-content-justification-stretch is-layout-flex wp-container-core-group-is-layout-353c4f5a wp-block-group-is-layout-flex\">\n<h2 class=\"wp-block-heading has-medium-font-size has-body-font-family\" style=\"font-style:normal;font-weight:600\"><\/h2>\n\n\n\n<div class=\"wp-block-group is-vertical is-layout-flex wp-container-core-group-is-layout-ea0cb840 wp-block-group-is-layout-flex\"><nav style=\"font-style:normal;font-weight:400;\" class=\"has-small-font-size  is-vertical wp-block-navigation is-layout-flex wp-container-core-navigation-is-layout-ea0cb840 wp-block-navigation-is-layout-flex\" aria-label=\"Navigation 8\"><\/nav><\/div>\n<\/div>\n\n\n\n<div class=\"wp-block-group is-vertical is-content-justification-stretch is-layout-flex wp-container-core-group-is-layout-353c4f5a wp-block-group-is-layout-flex\">\n<h2 class=\"wp-block-heading has-medium-font-size has-heading-font-family\" style=\"font-size:clamp(0.984rem, 0.984rem + ((1vw - 0.2rem) * 0.86), 1.5rem);font-style:normal;font-weight:600\">Rechtliches:<\/h2>\n\n\n\n<div class=\"wp-block-group is-vertical is-layout-flex wp-container-core-group-is-layout-ea0cb840 wp-block-group-is-layout-flex\"><nav style=\"font-style:normal;font-weight:400;\" class=\"has-small-font-size  is-vertical wp-block-navigation is-layout-flex wp-container-core-navigation-is-layout-ea0cb840 wp-block-navigation-is-layout-flex\" aria-label=\"Navigation 7\"><ul style=\"font-style:normal;font-weight:400;\" class=\"wp-block-navigation__container has-small-font-size  is-vertical wp-block-navigation has-small-font-size\"><li class=\"has-small-font-size wp-block-navigation-item wp-block-navigation-link has-heading-font-family\"><a class=\"wp-block-navigation-item__content\"  href=\"http:\/\/xn--prda-6qa.com\/index.php\/impressum\/\"><span class=\"wp-block-navigation-item__label\">Impressum<\/span><\/a><\/li><li class=\"has-small-font-size wp-block-navigation-item wp-block-navigation-link has-heading-font-family\"><a class=\"wp-block-navigation-item__content\"  href=\"http:\/\/xn--prda-6qa.com\/index.php\/datenschutz\/\"><span class=\"wp-block-navigation-item__label\">Datenschutzerkl\u00e4rung<\/span><\/a><\/li><\/ul><\/nav><\/div>\n<\/div>\n\n\n\n<div class=\"wp-block-group is-vertical is-content-justification-stretch is-layout-flex wp-container-core-group-is-layout-353c4f5a wp-block-group-is-layout-flex\">\n<h2 class=\"wp-block-heading has-medium-font-size has-body-font-family\" style=\"font-style:normal;font-weight:600\"><\/h2>\n\n\n\n<div class=\"wp-block-group is-vertical is-layout-flex wp-container-core-group-is-layout-ea0cb840 wp-block-group-is-layout-flex\"><nav style=\"font-style:normal;font-weight:400;\" class=\"has-small-font-size  is-vertical wp-block-navigation is-layout-flex wp-container-core-navigation-is-layout-ea0cb840 wp-block-navigation-is-layout-flex\" aria-label=\"Navigation 9\"><\/nav><\/div>\n<\/div>\n<\/div>\n<\/div>\n<\/div>\n<\/div>\n","protected":false},"excerpt":{"rendered":"<p>Dr. Fuhrmann ist Mitglied bei: Diagnostische Schwerpunkte: Therapeutische Schwerpunkte: Gutachterliche T\u00e4tigkeit: Facharzt f\u00fcr&nbsp;NeurologieFacharzt f\u00fcr Psychiatrie und PsychotherapieTelefon: 0 35 21 483 31 17Telefax: 0 35 21 483 31 18Alle Kassen und PrivatVorbr\u00fccker Stra\u00dfe 3101662 Mei\u00dfen Rechtliches:<\/p>\n","protected":false},"author":1,"featured_media":0,"parent":0,"menu_order":0,"comment_status":"closed","ping_status":"closed","template":"","meta":{"footnotes":""},"class_list":["post-392","page","type-page","status-publish","hentry"],"_links":{"self":[{"href":"http:\/\/xn--prda-6qa.com\/index.php\/wp-json\/wp\/v2\/pages\/392","targetHints":{"allow":["GET"]}}],"collection":[{"href":"http:\/\/xn--prda-6qa.com\/index.php\/wp-json\/wp\/v2\/pages"}],"about":[{"href":"http:\/\/xn--prda-6qa.com\/index.php\/wp-json\/wp\/v2\/types\/page"}],"author":[{"embeddable":true,"href":"http:\/\/xn--prda-6qa.com\/index.php\/wp-json\/wp\/v2\/users\/1"}],"replies":[{"embeddable":true,"href":"http:\/\/xn--prda-6qa.com\/index.php\/wp-json\/wp\/v2\/comments?post=392"}],"version-history":[{"count":33,"href":"http:\/\/xn--prda-6qa.com\/index.php\/wp-json\/wp\/v2\/pages\/392\/revisions"}],"predecessor-version":[{"id":1045,"href":"http:\/\/xn--prda-6qa.com\/index.php\/wp-json\/wp\/v2\/pages\/392\/revisions\/1045"}],"wp:attachment":[{"href":"http:\/\/xn--prda-6qa.com\/index.php\/wp-json\/wp\/v2\/media?parent=392"}],"curies":[{"name":"wp","href":"https:\/\/api.w.org\/{rel}","templated":true}]}}