{"id":564,"date":"2024-05-02T10:39:28","date_gmt":"2024-05-02T10:39:28","guid":{"rendered":"http:\/\/xn--prda-6qa.com\/?page_id=564"},"modified":"2024-10-19T19:24:24","modified_gmt":"2024-10-19T19:24:24","slug":"neurologie","status":"publish","type":"page","link":"http:\/\/xn--prda-6qa.com\/index.php\/neurologie\/","title":{"rendered":"Neurologie"},"content":{"rendered":"\n<div class=\"wp-block-group alignfull has-base-2-background-color has-background is-vertical is-nowrap is-layout-flex wp-container-core-group-is-layout-51971e86 wp-block-group-is-layout-flex\" style=\"margin-top:0;margin-bottom:0;padding-top:var(--wp--preset--spacing--50);padding-right:var(--wp--preset--spacing--50);padding-bottom:var(--wp--preset--spacing--50);padding-left:var(--wp--preset--spacing--50)\">\n<p class=\"has-text-align-left has-heading-font-family has-medium-font-size\" style=\"margin-bottom:var(--wp--preset--spacing--30)\">Wir f\u00fchren umfangreiche elektrophysiologische Untersuchungen, sensibel evoziierte Potentiale, akustisch evoziierte Potentiale, Elektroneurographie, Elektromyographie, Elektroenzephalographie, aber auch neuropsychologische Testungen: <\/p>\n\n\n\n<ul class=\"has-heading-font-family wp-block-list\">\n<li>aktuelle  und pr\u00e4morbide Intelligenz-,<\/li>\n\n\n\n<li>Ged\u00e4chtnis- und<\/li>\n\n\n\n<li>Konzentrationsuntersuchungen,<\/li>\n\n\n\n<li>Testungen der Affektivit\u00e4t durch.<\/li>\n<\/ul>\n\n\n\n<p class=\"has-text-align-left has-heading-font-family has-medium-font-size\" style=\"margin-bottom:0\"><br>Zus\u00e4tzlich werden Laboruntersuchungen durchgef\u00fchrt und Bildgebungen mittels MRT oder CT veranlasst.<\/p>\n\n\n\n<div class=\"wp-block-columns alignwide is-layout-flex wp-container-core-columns-is-layout-1da03c2a wp-block-columns-is-layout-flex\">\n<div class=\"wp-block-column is-vertically-aligned-center is-layout-flow wp-block-column-is-layout-flow\" style=\"flex-basis:60%\">\n<figure class=\"wp-block-image size-full is-style-rounded wp-duotone-unset-2 is-style-rounded--1\"><img loading=\"lazy\" decoding=\"async\" width=\"1600\" height=\"1200\" src=\"http:\/\/xn--prda-6qa.com\/wp-content\/uploads\/2024\/10\/5708ca0b-44c3-4a42-a417-3b8c8bfd19ca.jpg\" alt=\"\" class=\"wp-image-986\" style=\"aspect-ratio:4\/3;object-fit:cover\" srcset=\"http:\/\/xn--prda-6qa.com\/wp-content\/uploads\/2024\/10\/5708ca0b-44c3-4a42-a417-3b8c8bfd19ca.jpg 1600w, http:\/\/xn--prda-6qa.com\/wp-content\/uploads\/2024\/10\/5708ca0b-44c3-4a42-a417-3b8c8bfd19ca-300x225.jpg 300w, http:\/\/xn--prda-6qa.com\/wp-content\/uploads\/2024\/10\/5708ca0b-44c3-4a42-a417-3b8c8bfd19ca-1024x768.jpg 1024w, http:\/\/xn--prda-6qa.com\/wp-content\/uploads\/2024\/10\/5708ca0b-44c3-4a42-a417-3b8c8bfd19ca-768x576.jpg 768w, http:\/\/xn--prda-6qa.com\/wp-content\/uploads\/2024\/10\/5708ca0b-44c3-4a42-a417-3b8c8bfd19ca-1536x1152.jpg 1536w\" sizes=\"auto, (max-width: 1600px) 100vw, 1600px\" \/><\/figure>\n<\/div>\n\n\n\n<div class=\"wp-block-column is-layout-flow wp-block-column-is-layout-flow\" style=\"flex-basis:40%\">\n<p class=\"has-text-align-left has-heading-font-family\"><br><\/p>\n\n\n\n<p class=\"has-accent-5-color has-text-color has-link-color has-heading-font-family wp-elements-fe47e5402cddb2ad0e7e4ff4869412c7\" style=\"font-size:clamp(0.984rem, 0.984rem + ((1vw - 0.2rem) * 0.86), 1.5rem);\"><strong>Therapieangebote:<\/strong><\/p>\n\n\n\n<ul class=\"has-heading-font-family wp-block-list\">\n<li>Psychoedukation<\/li>\n\n\n\n<li>Psychopharmakotherapie<\/li>\n\n\n\n<li>Verhaltenstherapie<\/li>\n\n\n\n<li>Training von sozialer Kompetenz<\/li>\n\n\n\n<li>und von Affekt-&nbsp;und Impulsregulation<\/li>\n\n\n\n<li>Beratung der Angeh\u00f6rigen<\/li>\n<\/ul>\n\n\n\n<div class=\"wp-block-buttons is-layout-flex wp-block-buttons-is-layout-flex\" style=\"margin-top:var(--wp--preset--spacing--10);margin-bottom:var(--wp--preset--spacing--10)\">\n<div class=\"wp-block-button is-style-outline is-style-outline--3\"><a class=\"wp-block-button__link has-accent-5-color has-text-color has-link-color has-text-align-center wp-element-button\" href=\"http:\/\/xn--prda-6qa.com\/index.php\/kontaktformular-praxis\/\" style=\"padding-top:var(--wp--preset--spacing--10);padding-right:var(--wp--preset--spacing--30);padding-bottom:var(--wp--preset--spacing--10);padding-left:var(--wp--preset--spacing--30)\">Kontaktieren Sie uns<\/a><\/div>\n<\/div>\n<\/div>\n<\/div>\n<\/div>\n\n\n\n<div class=\"wp-block-group alignwide has-global-padding is-layout-constrained wp-block-group-is-layout-constrained\" style=\"padding-top:var(--wp--preset--spacing--50);padding-bottom:var(--wp--preset--spacing--50)\">\n<div class=\"wp-block-columns alignwide is-layout-flex wp-container-core-columns-is-layout-28f84493 wp-block-columns-is-layout-flex\">\n<div class=\"wp-block-column is-layout-flow wp-block-column-is-layout-flow\" style=\"flex-basis:30%\">\n<div class=\"wp-block-group is-vertical is-layout-flex wp-container-core-group-is-layout-fe9cc265 wp-block-group-is-layout-flex\"><h1 class=\"has-link-color wp-elements-bd63b549916f9c78a0ef88cd949ae06d wp-block-site-title has-text-color has-contrast-color has-heading-font-family\"><a href=\"http:\/\/xn--prda-6qa.com\" target=\"_self\" rel=\"home\">Dr. med. Martin Fuhrmann<\/a><\/h1>\n\n\n<p class=\"has-heading-font-family\" style=\"font-size:0.8rem\"><strong>Facharzt f\u00fcr&nbsp;Neurologie<br>Facharzt f\u00fcr Psychiatrie und Psychotherapie<\/strong><br>Telefon: 0 35 21 483 31 17<br>Telefax: 0 35 21 483 31 18<br>Alle Kassen und Privat<br>Vorbr\u00fccker Stra\u00dfe 31<br>01662 Mei\u00dfen<\/p>\n<\/div>\n<\/div>\n\n\n\n<div class=\"wp-block-column is-layout-flow wp-block-column-is-layout-flow\" style=\"flex-basis:20%\"><\/div>\n\n\n\n<div class=\"wp-block-column is-layout-flow wp-block-column-is-layout-flow\" style=\"flex-basis:50%\">\n<div class=\"wp-block-group is-content-justification-space-between is-layout-flex wp-container-core-group-is-layout-e5edad21 wp-block-group-is-layout-flex\">\n<div class=\"wp-block-group is-vertical is-content-justification-stretch is-layout-flex wp-container-core-group-is-layout-353c4f5a wp-block-group-is-layout-flex\">\n<div class=\"wp-block-group is-vertical is-layout-flex wp-container-core-group-is-layout-ea0cb840 wp-block-group-is-layout-flex\"><nav style=\"font-style:normal;font-weight:400;\" class=\"has-small-font-size  is-vertical wp-block-navigation is-layout-flex wp-container-core-navigation-is-layout-ea0cb840 wp-block-navigation-is-layout-flex\" aria-label=\"Navigation 28\"><\/nav><\/div>\n<\/div>\n\n\n\n<div class=\"wp-block-group is-vertical is-content-justification-stretch is-layout-flex wp-container-core-group-is-layout-353c4f5a wp-block-group-is-layout-flex\">\n<h2 class=\"wp-block-heading has-medium-font-size has-heading-font-family\" style=\"font-size:clamp(0.984rem, 0.984rem + ((1vw - 0.2rem) * 0.86), 1.5rem);font-style:normal;font-weight:600\">Rechtliches:<\/h2>\n\n\n\n<div class=\"wp-block-group is-vertical is-layout-flex wp-container-core-group-is-layout-ea0cb840 wp-block-group-is-layout-flex\"><nav style=\"font-style:normal;font-weight:400;\" class=\"has-small-font-size  is-vertical wp-block-navigation has-heading-font-family is-layout-flex wp-container-core-navigation-is-layout-ea0cb840 wp-block-navigation-is-layout-flex\" aria-label=\"Navigation 29\"><ul style=\"font-style:normal;font-weight:400;\" class=\"wp-block-navigation__container has-small-font-size  is-vertical wp-block-navigation has-small-font-size has-heading-font-family\"><li class=\"has-small-font-size wp-block-navigation-item wp-block-navigation-link\"><a class=\"wp-block-navigation-item__content\"  href=\"http:\/\/xn--prda-6qa.com\/index.php\/impressum\/\"><span class=\"wp-block-navigation-item__label\">Impressum<\/span><\/a><\/li><li class=\"has-small-font-size wp-block-navigation-item wp-block-navigation-link\"><a class=\"wp-block-navigation-item__content\"  href=\"http:\/\/xn--prda-6qa.com\/index.php\/datenschutz\/\"><span class=\"wp-block-navigation-item__label\">Datenschutzerkl\u00e4rung<\/span><\/a><\/li><\/ul><\/nav><\/div>\n<\/div>\n\n\n\n<div class=\"wp-block-group is-vertical is-content-justification-stretch is-layout-flex wp-container-core-group-is-layout-353c4f5a wp-block-group-is-layout-flex\">\n<div class=\"wp-block-group is-vertical is-layout-flex wp-container-core-group-is-layout-ea0cb840 wp-block-group-is-layout-flex\"><nav style=\"font-style:normal;font-weight:400;\" class=\"has-small-font-size  is-vertical wp-block-navigation is-layout-flex wp-container-core-navigation-is-layout-ea0cb840 wp-block-navigation-is-layout-flex\" aria-label=\"Navigation 30\"><\/nav><\/div>\n<\/div>\n<\/div>\n<\/div>\n<\/div>\n<\/div>\n","protected":false},"excerpt":{"rendered":"<p>Wir f\u00fchren umfangreiche elektrophysiologische Untersuchungen, sensibel evoziierte Potentiale, akustisch evoziierte Potentiale, Elektroneurographie, Elektromyographie, Elektroenzephalographie, aber auch neuropsychologische Testungen: Zus\u00e4tzlich werden Laboruntersuchungen durchgef\u00fchrt und Bildgebungen mittels MRT oder CT veranlasst. Therapieangebote: Facharzt f\u00fcr&nbsp;NeurologieFacharzt f\u00fcr Psychiatrie und PsychotherapieTelefon: 0 35 21 483 31 17Telefax: 0 35 21 483 31 18Alle Kassen und PrivatVorbr\u00fccker Stra\u00dfe 3101662 Mei\u00dfen Rechtliches:<\/p>\n","protected":false},"author":1,"featured_media":0,"parent":0,"menu_order":0,"comment_status":"closed","ping_status":"closed","template":"","meta":{"footnotes":""},"class_list":["post-564","page","type-page","status-publish","hentry"],"_links":{"self":[{"href":"http:\/\/xn--prda-6qa.com\/index.php\/wp-json\/wp\/v2\/pages\/564","targetHints":{"allow":["GET"]}}],"collection":[{"href":"http:\/\/xn--prda-6qa.com\/index.php\/wp-json\/wp\/v2\/pages"}],"about":[{"href":"http:\/\/xn--prda-6qa.com\/index.php\/wp-json\/wp\/v2\/types\/page"}],"author":[{"embeddable":true,"href":"http:\/\/xn--prda-6qa.com\/index.php\/wp-json\/wp\/v2\/users\/1"}],"replies":[{"embeddable":true,"href":"http:\/\/xn--prda-6qa.com\/index.php\/wp-json\/wp\/v2\/comments?post=564"}],"version-history":[{"count":20,"href":"http:\/\/xn--prda-6qa.com\/index.php\/wp-json\/wp\/v2\/pages\/564\/revisions"}],"predecessor-version":[{"id":1011,"href":"http:\/\/xn--prda-6qa.com\/index.php\/wp-json\/wp\/v2\/pages\/564\/revisions\/1011"}],"wp:attachment":[{"href":"http:\/\/xn--prda-6qa.com\/index.php\/wp-json\/wp\/v2\/media?parent=564"}],"curies":[{"name":"wp","href":"https:\/\/api.w.org\/{rel}","templated":true}]}}