{"id":701,"date":"2024-05-07T19:25:38","date_gmt":"2024-05-07T19:25:38","guid":{"rendered":"http:\/\/xn--prda-6qa.com\/?page_id=701"},"modified":"2025-02-04T06:55:50","modified_gmt":"2025-02-04T06:55:50","slug":"kontaktformular-gutachterburo","status":"publish","type":"page","link":"http:\/\/xn--prda-6qa.com\/index.php\/kontaktformular-gutachterburo\/","title":{"rendered":"Kontaktformular Gutachterb\u00fcro"},"content":{"rendered":"\n<div class=\"wp-block-group alignfull has-accent-background-color has-background has-global-padding is-layout-constrained wp-container-core-group-is-layout-490fa1db wp-block-group-is-layout-constrained\" style=\"padding-top:var(--wp--preset--spacing--50);padding-right:var(--wp--preset--spacing--50);padding-bottom:var(--wp--preset--spacing--50);padding-left:var(--wp--preset--spacing--50)\">\n<div class=\"wp-block-group has-global-padding is-layout-constrained wp-container-core-group-is-layout-650790e1 wp-block-group-is-layout-constrained\">\n<div style=\"height:1.25rem\" aria-hidden=\"true\" class=\"wp-block-spacer\"><\/div>\n\n\n\n<p class=\"has-text-align-center has-heading-font-family has-medium-font-size\">Sie haben ein Anliegen und m\u00f6chten Kontakt zu unserem Gutachterb\u00fcro aufnehmen? Nutzen Sie bitte unser&nbsp;Kontaktformular.<\/p>\n<\/div>\n\n\n\n<div style=\"height:var(--wp--preset--spacing--30)\" aria-hidden=\"true\" class=\"wp-block-spacer\"><\/div>\n\n\n<div class=\"wpforms-container wpforms-container-full wpforms-render-modern\" id=\"wpforms-677\"><form id=\"wpforms-form-677\" class=\"wpforms-validate wpforms-form wpforms-ajax-form\" data-formid=\"677\" method=\"post\" enctype=\"multipart\/form-data\" action=\"\/index.php\/wp-json\/wp\/v2\/pages\/701\" data-token=\"1cd4e0b93ec8e499a718c402f40f8e66\" data-token-time=\"1776168422\"><noscript class=\"wpforms-error-noscript\">Please enable JavaScript in your browser to complete this form.<\/noscript><div class=\"wpforms-hidden\" id=\"wpforms-error-noscript\">Please enable JavaScript in your browser to complete this form.<\/div><div class=\"wpforms-field-container\"><div id=\"wpforms-677-field_2-container\" class=\"wpforms-field wpforms-field-email\" data-field-id=\"2\"><label class=\"wpforms-field-label\" for=\"wpforms-677-field_2\">E-Mail <span class=\"wpforms-required-label\" aria-hidden=\"true\">*<\/span><\/label><input type=\"email\" id=\"wpforms-677-field_2\" class=\"wpforms-field-medium wpforms-field-required\" name=\"wpforms[fields][2]\" placeholder=\"E-Mail-Adresse, unter der wir Sie erreichen.\" spellcheck=\"false\" aria-errormessage=\"wpforms-677-field_2-error\" required><\/div><div id=\"wpforms-677-field_1-container\" class=\"wpforms-field wpforms-field-name\" data-field-id=\"1\"><fieldset><legend class=\"wpforms-field-label\">Name <span class=\"wpforms-required-label\" aria-hidden=\"true\">*<\/span><\/legend><div class=\"wpforms-field-row wpforms-field-medium\"><div class=\"wpforms-field-row-block wpforms-first wpforms-one-half\"><input type=\"text\" id=\"wpforms-677-field_1\" class=\"wpforms-field-name-first wpforms-field-required\" name=\"wpforms[fields][1][first]\" placeholder=\"Vorname\" aria-errormessage=\"wpforms-677-field_1-error\" required><label for=\"wpforms-677-field_1\" class=\"wpforms-field-sublabel after wpforms-sublabel-hide\">First<\/label><\/div><div class=\"wpforms-field-row-block wpforms-one-half\"><input type=\"text\" id=\"wpforms-677-field_1-last\" class=\"wpforms-field-name-last wpforms-field-required\" name=\"wpforms[fields][1][last]\" placeholder=\"Nachname\" aria-errormessage=\"wpforms-677-field_1-last-error\" required><label for=\"wpforms-677-field_1-last\" class=\"wpforms-field-sublabel after wpforms-sublabel-hide\">Last<\/label><\/div><\/div><\/fieldset><\/div><div id=\"wpforms-677-field_4-container\" class=\"wpforms-field wpforms-field-textarea\" data-field-id=\"4\"><label class=\"wpforms-field-label\" for=\"wpforms-677-field_4\">Ihre Nachricht <span class=\"wpforms-required-label\" aria-hidden=\"true\">*<\/span><\/label><textarea id=\"wpforms-677-field_4\" class=\"wpforms-field-large wpforms-field-required\" name=\"wpforms[fields][4]\" placeholder=\"Geben Sie hier bitte Ihre Anfrage ein.\" aria-errormessage=\"wpforms-677-field_4-error\" required><\/textarea><\/div><div id=\"wpforms-677-field_3-container\" class=\"wpforms-field wpforms-field-checkbox\" data-field-id=\"3\"><fieldset><legend class=\"wpforms-field-label\">Rechtliches <span class=\"wpforms-required-label\" aria-hidden=\"true\">*<\/span><\/legend><ul id=\"wpforms-677-field_3\" class=\"wpforms-field-required\"><li class=\"choice-4 depth-1\"><input type=\"checkbox\" id=\"wpforms-677-field_3_4\" name=\"wpforms[fields][3][]\" value=\"Ich bin mit der Verarbeitung meiner personenbezogenen Daten einverstanden.\" aria-errormessage=\"wpforms-677-field_3_4-error\" required ><label class=\"wpforms-field-label-inline\" for=\"wpforms-677-field_3_4\">Ich bin mit der Verarbeitung meiner personenbezogenen Daten einverstanden.<\/label><\/li><li class=\"choice-2 depth-1\"><input type=\"checkbox\" id=\"wpforms-677-field_3_2\" name=\"wpforms[fields][3][]\" value=\"Die Datenschutzerkl\u00e4rung habe ich gelesen.\" aria-errormessage=\"wpforms-677-field_3_2-error\" required ><label class=\"wpforms-field-label-inline\" for=\"wpforms-677-field_3_2\">Die Datenschutzerkl\u00e4rung habe ich gelesen.<\/label><\/li><\/ul><\/fieldset><\/div><\/div><!-- .wpforms-field-container --><div class=\"wpforms-submit-container\" ><input type=\"hidden\" name=\"wpforms[id]\" value=\"677\"><input type=\"hidden\" name=\"page_title\" value=\"\"><input type=\"hidden\" name=\"page_url\" value=\"http:\/\/xn--prda-6qa.com\/index.php\/wp-json\/wp\/v2\/pages\/701\"><button type=\"submit\" name=\"wpforms[submit]\" id=\"wpforms-submit-677\" class=\"wpforms-submit\" data-alt-text=\"Sending...\" data-submit-text=\"Senden\" aria-live=\"assertive\" value=\"wpforms-submit\">Senden<\/button><img loading=\"lazy\" decoding=\"async\" src=\"http:\/\/xn--prda-6qa.com\/wp-content\/plugins\/wpforms-lite\/assets\/images\/submit-spin.svg\" class=\"wpforms-submit-spinner\" style=\"display: none;\" width=\"26\" height=\"26\" alt=\"Loading\"><\/div><\/form><\/div>  <!-- .wpforms-container -->\n<\/div>\n\n\n\n<div class=\"wp-block-group alignwide has-global-padding is-layout-constrained wp-block-group-is-layout-constrained\" style=\"padding-top:var(--wp--preset--spacing--50);padding-bottom:var(--wp--preset--spacing--50)\">\n<div class=\"wp-block-columns alignwide is-layout-flex wp-container-core-columns-is-layout-28f84493 wp-block-columns-is-layout-flex\">\n<div class=\"wp-block-column is-layout-flow wp-block-column-is-layout-flow\" style=\"flex-basis:30%\">\n<div class=\"wp-block-group is-vertical is-layout-flex wp-container-core-group-is-layout-fe9cc265 wp-block-group-is-layout-flex\"><h1 class=\"has-link-color wp-elements-bd63b549916f9c78a0ef88cd949ae06d wp-block-site-title has-text-color has-contrast-color has-heading-font-family\"><a href=\"http:\/\/xn--prda-6qa.com\" target=\"_self\" rel=\"home\">Dr. med. Martin Fuhrmann<\/a><\/h1>\n\n\n<p class=\"has-heading-font-family\" style=\"font-size:0.8rem\"><strong>Facharzt f\u00fcr&nbsp;Neurologie<br>Facharzt f\u00fcr Psychiatrie und Psychotherapie<\/strong><br>Telefon: 0 35 21 483 31 17<br>Telefax: 0 35 21 483 31 18<br>Alle Kassen und Privat<br>Vorbr\u00fccker Stra\u00dfe 31<br>01662 Mei\u00dfen<\/p>\n<\/div>\n<\/div>\n\n\n\n<div class=\"wp-block-column is-layout-flow wp-block-column-is-layout-flow\" style=\"flex-basis:20%\"><\/div>\n\n\n\n<div class=\"wp-block-column is-layout-flow wp-block-column-is-layout-flow\" style=\"flex-basis:50%\">\n<div class=\"wp-block-group is-content-justification-space-between is-layout-flex wp-container-core-group-is-layout-e5edad21 wp-block-group-is-layout-flex\">\n<div class=\"wp-block-group is-vertical is-content-justification-stretch is-layout-flex wp-container-core-group-is-layout-353c4f5a wp-block-group-is-layout-flex\">\n<div class=\"wp-block-group is-vertical is-layout-flex wp-container-core-group-is-layout-ea0cb840 wp-block-group-is-layout-flex\"><\/div>\n<\/div>\n\n\n\n<div class=\"wp-block-group is-vertical is-content-justification-stretch is-layout-flex wp-container-core-group-is-layout-353c4f5a wp-block-group-is-layout-flex\">\n<h2 class=\"wp-block-heading has-medium-font-size has-heading-font-family\" style=\"font-size:clamp(0.984rem, 0.984rem + ((1vw - 0.2rem) * 0.86), 1.5rem);font-style:normal;font-weight:600\">Rechtliches:<\/h2>\n\n\n\n<div class=\"wp-block-group is-vertical is-layout-flex wp-container-core-group-is-layout-ea0cb840 wp-block-group-is-layout-flex\"><nav style=\"font-style:normal;font-weight:400;\" class=\"has-small-font-size  is-vertical wp-block-navigation has-heading-font-family is-layout-flex wp-container-core-navigation-is-layout-ea0cb840 wp-block-navigation-is-layout-flex\" aria-label=\"Navigation 22\"><ul style=\"font-style:normal;font-weight:400;\" class=\"wp-block-navigation__container has-small-font-size  is-vertical wp-block-navigation has-small-font-size has-heading-font-family\"><li class=\"has-small-font-size wp-block-navigation-item wp-block-navigation-link\"><a class=\"wp-block-navigation-item__content\"  href=\"http:\/\/xn--prda-6qa.com\/index.php\/impressum\/\"><span class=\"wp-block-navigation-item__label\">Impressum<\/span><\/a><\/li><li class=\"has-small-font-size wp-block-navigation-item wp-block-navigation-link\"><a class=\"wp-block-navigation-item__content\"  href=\"http:\/\/xn--prda-6qa.com\/index.php\/datenschutz\/\"><span class=\"wp-block-navigation-item__label\">Datenschutzerkl\u00e4rung<\/span><\/a><\/li><\/ul><\/nav><\/div>\n<\/div>\n\n\n\n<div class=\"wp-block-group is-vertical is-content-justification-stretch is-layout-flex wp-container-core-group-is-layout-353c4f5a wp-block-group-is-layout-flex\">\n<div class=\"wp-block-group is-vertical is-layout-flex wp-container-core-group-is-layout-ea0cb840 wp-block-group-is-layout-flex\"><nav style=\"font-style:normal;font-weight:400;\" class=\"has-small-font-size  is-vertical wp-block-navigation is-layout-flex wp-container-core-navigation-is-layout-ea0cb840 wp-block-navigation-is-layout-flex\" aria-label=\"Navigation 23\"><\/nav><\/div>\n<\/div>\n<\/div>\n<\/div>\n<\/div>\n<\/div>\n","protected":false},"excerpt":{"rendered":"<p>Sie haben ein Anliegen und m\u00f6chten Kontakt zu unserem Gutachterb\u00fcro aufnehmen? Nutzen Sie bitte unser&nbsp;Kontaktformular. Facharzt f\u00fcr&nbsp;NeurologieFacharzt f\u00fcr Psychiatrie und PsychotherapieTelefon: 0 35 21 483 31 17Telefax: 0 35 21 483 31 18Alle Kassen und PrivatVorbr\u00fccker Stra\u00dfe 3101662 Mei\u00dfen Rechtliches:<\/p>\n","protected":false},"author":1,"featured_media":0,"parent":0,"menu_order":0,"comment_status":"closed","ping_status":"closed","template":"","meta":{"footnotes":""},"class_list":["post-701","page","type-page","status-publish","hentry"],"_links":{"self":[{"href":"http:\/\/xn--prda-6qa.com\/index.php\/wp-json\/wp\/v2\/pages\/701","targetHints":{"allow":["GET"]}}],"collection":[{"href":"http:\/\/xn--prda-6qa.com\/index.php\/wp-json\/wp\/v2\/pages"}],"about":[{"href":"http:\/\/xn--prda-6qa.com\/index.php\/wp-json\/wp\/v2\/types\/page"}],"author":[{"embeddable":true,"href":"http:\/\/xn--prda-6qa.com\/index.php\/wp-json\/wp\/v2\/users\/1"}],"replies":[{"embeddable":true,"href":"http:\/\/xn--prda-6qa.com\/index.php\/wp-json\/wp\/v2\/comments?post=701"}],"version-history":[{"count":9,"href":"http:\/\/xn--prda-6qa.com\/index.php\/wp-json\/wp\/v2\/pages\/701\/revisions"}],"predecessor-version":[{"id":1053,"href":"http:\/\/xn--prda-6qa.com\/index.php\/wp-json\/wp\/v2\/pages\/701\/revisions\/1053"}],"wp:attachment":[{"href":"http:\/\/xn--prda-6qa.com\/index.php\/wp-json\/wp\/v2\/media?parent=701"}],"curies":[{"name":"wp","href":"https:\/\/api.w.org\/{rel}","templated":true}]}}