{"id":740,"date":"2024-05-12T20:23:19","date_gmt":"2024-05-12T20:23:19","guid":{"rendered":"http:\/\/xn--prda-6qa.com\/?page_id=740"},"modified":"2025-02-03T21:44:08","modified_gmt":"2025-02-03T21:44:08","slug":"anfahrt","status":"publish","type":"page","link":"http:\/\/xn--prda-6qa.com\/index.php\/anfahrt\/","title":{"rendered":"Anfahrt"},"content":{"rendered":"\n<div class=\"wp-block-group alignfull has-accent-background-color has-background has-global-padding is-layout-constrained wp-container-core-group-is-layout-f611be13 wp-block-group-is-layout-constrained\" style=\"padding-top:var(--wp--preset--spacing--50);padding-right:var(--wp--preset--spacing--50);padding-bottom:var(--wp--preset--spacing--50);padding-left:var(--wp--preset--spacing--50)\">\n<figure class=\"wp-block-image alignwide size-full\"><img loading=\"lazy\" decoding=\"async\" width=\"226\" height=\"169\" src=\"http:\/\/xn--prda-6qa.com\/wp-content\/uploads\/2024\/05\/PICT0099.jpg\" alt=\"\" class=\"wp-image-637\"\/><\/figure>\n\n\n\n<p class=\"has-accent-5-color has-text-color has-link-color has-heading-font-family wp-elements-23d55c71f1826b676ad24afde29aa662\" style=\"margin-top:var(--wp--preset--spacing--30);margin-bottom:var(--wp--preset--spacing--20);font-size:clamp(0.984rem, 0.984rem + ((1vw - 0.2rem) * 0.86), 1.5rem);\"><strong>Standort der Praxis:<\/strong>&nbsp;<font _mstmutation=\"1\"><\/font><font _mstmutation=\"1\"><\/font><\/p>\n\n\n\n<figure class=\"wp-block-image size-full is-resized is-style-zoooom\"><a href=\"https:\/\/www.openstreetmap.org\/#map=6\/51.33\/10.45\" target=\"_blank\" rel=\"noreferrer noopener\"><img loading=\"lazy\" decoding=\"async\" width=\"490\" height=\"478\" src=\"http:\/\/xn--prda-6qa.com\/wp-content\/uploads\/2024\/06\/Karte-jetzt.png\" alt=\"\" class=\"wp-image-896\" style=\"width:620px;height:auto\" srcset=\"http:\/\/xn--prda-6qa.com\/wp-content\/uploads\/2024\/06\/Karte-jetzt.png 490w, http:\/\/xn--prda-6qa.com\/wp-content\/uploads\/2024\/06\/Karte-jetzt-300x293.png 300w\" sizes=\"auto, (max-width: 490px) 100vw, 490px\" \/><\/a><figcaption class=\"wp-element-caption\">\u00a0\u00a9 <a href=\"http:\/\/openstreetmap.org\/copyright\">OpenStreetMap<\/a>-Mitwirkende, Lizenz:\u00a0<a href=\"http:\/\/opendatacommons.org\/licenses\/odbl\/\">ODbL<\/a><\/figcaption><\/figure>\n\n\n\n<p class=\"has-heading-font-family\">Vorbr\u00fccker Stra\u00dfe 31<br>01662 Mei\u00dfen<font _mstmutation=\"1\"><\/font><\/p>\n\n\n\n<div class=\"wp-block-group is-vertical is-layout-flex wp-container-core-group-is-layout-5f9f5280 wp-block-group-is-layout-flex\">\n<p class=\"has-heading-font-family has-medium-font-size\" style=\"margin-top:var(--wp--preset--spacing--20);margin-bottom:var(--wp--preset--spacing--20)\">Es besteht die M\u00f6glichkeit uns:<\/p>\n\n\n\n<p><font _mstmutation=\"1\"><\/font><\/p>\n\n\n\n<ul class=\"has-heading-font-family wp-block-list\">\n<li>zu Fu\u00df, <\/li>\n<\/ul>\n\n\n\n<ul class=\"has-heading-font-family wp-block-list\">\n<li>mit dem Auto, <\/li>\n\n\n\n<li>sowie mit \u00f6ffentlichen Verkehrsmitteln zu erreichen.<font _mstmutation=\"1\"><\/font><\/li>\n<\/ul>\n\n\n\n<p style=\"margin-top:var(--wp--preset--spacing--20)\"><font _mstmutation=\"1\"><\/font><\/p>\n\n\n\n<p class=\"has-heading-font-family has-medium-font-size\" style=\"margin-top:var(--wp--preset--spacing--10);margin-bottom:var(--wp--preset--spacing--10)\">Wenn Sie mit dem Auto kommen, haben Sie die M\u00f6glichkeit Ihr Fahrzeug auf unserem Parkplatz im Hinterhof kostenfrei zu parken.<font _mstmutation=\"1\"><\/font><\/p>\n\n\n\n<figure class=\"wp-block-image size-full\"><img loading=\"lazy\" decoding=\"async\" width=\"414\" height=\"311\" src=\"http:\/\/xn--prda-6qa.com\/wp-content\/uploads\/2024\/05\/PICT0129.jpg\" alt=\"\" class=\"wp-image-757\" srcset=\"http:\/\/xn--prda-6qa.com\/wp-content\/uploads\/2024\/05\/PICT0129.jpg 414w, http:\/\/xn--prda-6qa.com\/wp-content\/uploads\/2024\/05\/PICT0129-300x225.jpg 300w\" sizes=\"auto, (max-width: 414px) 100vw, 414px\" \/><\/figure>\n\n\n\n<p style=\"margin-bottom:var(--wp--preset--spacing--20)\"><font _mstmutation=\"1\"><\/font><font _mstmutation=\"1\"><\/font><font _mstmutation=\"1\"><\/font><\/p>\n\n\n\n<p class=\"has-heading-font-family has-medium-font-size\" style=\"margin-top:var(--wp--preset--spacing--20);margin-bottom:var(--wp--preset--spacing--30)\">Falls sie eine Gehbehinderung haben, k\u00f6nnen Sie unseren behindertengerechten Aufgang benutzen.<font _mstmutation=\"1\"><\/font><\/p>\n\n\n\n<figure class=\"wp-block-image size-full\"><img loading=\"lazy\" decoding=\"async\" width=\"414\" height=\"311\" src=\"http:\/\/xn--prda-6qa.com\/wp-content\/uploads\/2024\/05\/PICT0114.jpg\" alt=\"\" class=\"wp-image-641\" srcset=\"http:\/\/xn--prda-6qa.com\/wp-content\/uploads\/2024\/05\/PICT0114.jpg 414w, http:\/\/xn--prda-6qa.com\/wp-content\/uploads\/2024\/05\/PICT0114-300x225.jpg 300w\" sizes=\"auto, (max-width: 414px) 100vw, 414px\" \/><\/figure>\n\n\n\n<p><font _mstmutation=\"1\"><\/font><\/p>\n<\/div>\n\n\n\n<p><font _mstmutation=\"1\"><\/font><\/p>\n<\/div>\n\n\n\n<div class=\"wp-block-group alignwide is-vertical is-content-justification-stretch is-layout-flex wp-container-core-group-is-layout-ad1775de wp-block-group-is-layout-flex\" style=\"padding-top:var(--wp--preset--spacing--50);padding-bottom:var(--wp--preset--spacing--50)\">\n<div class=\"wp-block-columns alignwide is-layout-flex wp-container-core-columns-is-layout-28f84493 wp-block-columns-is-layout-flex\">\n<div class=\"wp-block-column is-layout-flow wp-block-column-is-layout-flow\" style=\"flex-basis:30%\">\n<div class=\"wp-block-group is-vertical is-layout-flex wp-container-core-group-is-layout-fe9cc265 wp-block-group-is-layout-flex\">\n<div class=\"wp-block-group has-global-padding is-layout-constrained wp-block-group-is-layout-constrained\"><h1 class=\"has-link-color wp-elements-bd63b549916f9c78a0ef88cd949ae06d wp-block-site-title has-text-color has-contrast-color has-heading-font-family\"><a href=\"http:\/\/xn--prda-6qa.com\" target=\"_self\" rel=\"home\">Dr. med. Martin Fuhrmann<\/a><\/h1>\n\n\n<p class=\"has-heading-font-family\" style=\"font-size:0.8rem\"><strong>Facharzt f\u00fcr&nbsp;Neurologie<br>Facharzt f\u00fcr Psychiatrie und Psychotherapie<\/strong><br>Telefon: 0 35 21 483 31 17<br>Telefax: 0 35 21 483 31 18<br>Alle Kassen und Privat<br>Vorbr\u00fccker Stra\u00dfe 31<br>01662 Mei\u00dfen<\/p>\n<\/div>\n<\/div>\n<\/div>\n\n\n\n<div class=\"wp-block-column is-layout-flow wp-block-column-is-layout-flow\" style=\"flex-basis:20%\"><\/div>\n\n\n\n<div class=\"wp-block-column is-layout-flow wp-block-column-is-layout-flow\" style=\"flex-basis:50%\">\n<div class=\"wp-block-group is-content-justification-space-between is-layout-flex wp-container-core-group-is-layout-e5edad21 wp-block-group-is-layout-flex\">\n<div class=\"wp-block-group is-vertical is-content-justification-stretch is-layout-flex wp-container-core-group-is-layout-353c4f5a wp-block-group-is-layout-flex\">\n<h2 class=\"wp-block-heading has-medium-font-size has-body-font-family\" style=\"font-style:normal;font-weight:600\"><\/h2>\n\n\n\n<div class=\"wp-block-group is-vertical is-layout-flex wp-container-core-group-is-layout-ea0cb840 wp-block-group-is-layout-flex\"><nav style=\"font-style:normal;font-weight:400;\" class=\"has-small-font-size  is-vertical wp-block-navigation is-layout-flex wp-container-core-navigation-is-layout-ea0cb840 wp-block-navigation-is-layout-flex\" aria-label=\"Navigation 11\"><\/nav><\/div>\n<\/div>\n\n\n\n<div class=\"wp-block-group is-vertical is-content-justification-stretch is-layout-flex wp-container-core-group-is-layout-887de842 wp-block-group-is-layout-flex\">\n<h2 class=\"wp-block-heading has-medium-font-size has-heading-font-family\" style=\"font-size:clamp(0.984rem, 0.984rem + ((1vw - 0.2rem) * 0.86), 1.5rem);font-style:normal;font-weight:600\">Rechtliches:<\/h2>\n\n\n\n<div class=\"wp-block-group is-vertical is-layout-flex wp-container-core-group-is-layout-ea0cb840 wp-block-group-is-layout-flex\"><nav style=\"font-style:normal;font-weight:400;\" class=\"has-small-font-size  is-vertical wp-block-navigation has-heading-font-family is-layout-flex wp-container-core-navigation-is-layout-ea0cb840 wp-block-navigation-is-layout-flex\" aria-label=\"Navigation 10\"><ul style=\"font-style:normal;font-weight:400;\" class=\"wp-block-navigation__container has-small-font-size  is-vertical wp-block-navigation has-small-font-size has-heading-font-family\"><li class=\"has-small-font-size wp-block-navigation-item wp-block-navigation-link\"><a class=\"wp-block-navigation-item__content\"  href=\"http:\/\/xn--prda-6qa.com\/index.php\/impressum\/\"><span class=\"wp-block-navigation-item__label\">Impressum<\/span><\/a><\/li><li class=\"has-small-font-size wp-block-navigation-item wp-block-navigation-link\"><a class=\"wp-block-navigation-item__content\"  href=\"http:\/\/xn--prda-6qa.com\/index.php\/datenschutz\/\"><span class=\"wp-block-navigation-item__label\">Datenschutzerkl\u00e4rung<\/span><\/a><\/li><\/ul><\/nav><\/div>\n<\/div>\n\n\n\n<div class=\"wp-block-group is-vertical is-content-justification-stretch is-layout-flex wp-container-core-group-is-layout-353c4f5a wp-block-group-is-layout-flex\">\n<h2 class=\"wp-block-heading has-medium-font-size has-body-font-family\" style=\"font-style:normal;font-weight:600\"><\/h2>\n\n\n\n<div class=\"wp-block-group is-vertical is-layout-flex wp-container-core-group-is-layout-ea0cb840 wp-block-group-is-layout-flex\"><nav style=\"font-style:normal;font-weight:400;\" class=\"has-small-font-size  is-vertical wp-block-navigation is-layout-flex wp-container-core-navigation-is-layout-ea0cb840 wp-block-navigation-is-layout-flex\" aria-label=\"Navigation 12\"><\/nav><\/div>\n<\/div>\n<\/div>\n<\/div>\n<\/div>\n<\/div>\n","protected":false},"excerpt":{"rendered":"<p>Standort der Praxis:&nbsp; Vorbr\u00fccker Stra\u00dfe 3101662 Mei\u00dfen Es besteht die M\u00f6glichkeit uns: Wenn Sie mit dem Auto kommen, haben Sie die M\u00f6glichkeit Ihr Fahrzeug auf unserem Parkplatz im Hinterhof kostenfrei zu parken. Falls sie eine Gehbehinderung haben, k\u00f6nnen Sie unseren behindertengerechten Aufgang benutzen. Facharzt f\u00fcr&nbsp;NeurologieFacharzt f\u00fcr Psychiatrie und PsychotherapieTelefon: 0 35 21 483 31 17Telefax: [&hellip;]<\/p>\n","protected":false},"author":1,"featured_media":0,"parent":0,"menu_order":0,"comment_status":"closed","ping_status":"closed","template":"","meta":{"footnotes":""},"class_list":["post-740","page","type-page","status-publish","hentry"],"_links":{"self":[{"href":"http:\/\/xn--prda-6qa.com\/index.php\/wp-json\/wp\/v2\/pages\/740","targetHints":{"allow":["GET"]}}],"collection":[{"href":"http:\/\/xn--prda-6qa.com\/index.php\/wp-json\/wp\/v2\/pages"}],"about":[{"href":"http:\/\/xn--prda-6qa.com\/index.php\/wp-json\/wp\/v2\/types\/page"}],"author":[{"embeddable":true,"href":"http:\/\/xn--prda-6qa.com\/index.php\/wp-json\/wp\/v2\/users\/1"}],"replies":[{"embeddable":true,"href":"http:\/\/xn--prda-6qa.com\/index.php\/wp-json\/wp\/v2\/comments?post=740"}],"version-history":[{"count":42,"href":"http:\/\/xn--prda-6qa.com\/index.php\/wp-json\/wp\/v2\/pages\/740\/revisions"}],"predecessor-version":[{"id":1049,"href":"http:\/\/xn--prda-6qa.com\/index.php\/wp-json\/wp\/v2\/pages\/740\/revisions\/1049"}],"wp:attachment":[{"href":"http:\/\/xn--prda-6qa.com\/index.php\/wp-json\/wp\/v2\/media?parent=740"}],"curies":[{"name":"wp","href":"https:\/\/api.w.org\/{rel}","templated":true}]}}